{"id":1568,"date":"2023-03-01T09:15:28","date_gmt":"2023-03-01T08:15:28","guid":{"rendered":"https:\/\/clownseidank.de\/?page_id=1568"},"modified":"2024-12-27T10:43:32","modified_gmt":"2024-12-27T09:43:32","slug":"einfach-mal-inne-halten","status":"publish","type":"page","link":"https:\/\/clownseidank.de\/index.php\/einfach-mal-inne-halten\/","title":{"rendered":"EINFACH mal inne halten&#8230;"},"content":{"rendered":"\n<figure class=\"wp-block-image aligncenter size-large is-resized is-style-rounded\"><img decoding=\"async\" loading=\"lazy\" src=\"https:\/\/clownseidank.de\/wp-content\/uploads\/2022\/02\/cropped-cropped-Inne-halten-gruen-1-856x1024.jpg\" alt=\"\" class=\"wp-image-1414\" width=\"394\" height=\"471\" srcset=\"https:\/\/clownseidank.de\/wp-content\/uploads\/2022\/02\/cropped-cropped-Inne-halten-gruen-1-856x1024.jpg 856w, https:\/\/clownseidank.de\/wp-content\/uploads\/2022\/02\/cropped-cropped-Inne-halten-gruen-1-251x300.jpg 251w, https:\/\/clownseidank.de\/wp-content\/uploads\/2022\/02\/cropped-cropped-Inne-halten-gruen-1-768x919.jpg 768w, https:\/\/clownseidank.de\/wp-content\/uploads\/2022\/02\/cropped-cropped-Inne-halten-gruen-1-1284x1536.jpg 1284w, https:\/\/clownseidank.de\/wp-content\/uploads\/2022\/02\/cropped-cropped-Inne-halten-gruen-1-1712x2048.jpg 1712w, https:\/\/clownseidank.de\/wp-content\/uploads\/2022\/02\/cropped-cropped-Inne-halten-gruen-1.jpg 2000w\" sizes=\"(max-width: 394px) 100vw, 394px\" \/><\/figure>\n\n\n\n<h3 class=\"wp-block-heading has-white-color has-vivid-green-cyan-background-color has-text-color has-background\">&#8230;und still sein &#8211; In Stille sein<\/h3>\n\n\n\n<figure class=\"wp-block-image aligncenter size-full is-resized\"><img decoding=\"async\" loading=\"lazy\" src=\"https:\/\/clownseidank.de\/wp-content\/uploads\/2024\/12\/IMG_2294.jpg\" alt=\"\" class=\"wp-image-1877\" width=\"482\" height=\"361\" srcset=\"https:\/\/clownseidank.de\/wp-content\/uploads\/2024\/12\/IMG_2294.jpg 1024w, https:\/\/clownseidank.de\/wp-content\/uploads\/2024\/12\/IMG_2294-300x225.jpg 300w, https:\/\/clownseidank.de\/wp-content\/uploads\/2024\/12\/IMG_2294-768x576.jpg 768w\" sizes=\"(max-width: 482px) 100vw, 482px\" \/><\/figure>\n\n\n\n<h4 class=\"wp-block-heading has-text-align-center has-vivid-green-cyan-color has-text-color\">Der Poesie des Lebens lauschen &#8211; JETZT  <br> <\/h4>\n\n\n\n<p class=\"has-text-align-left has-vivid-green-cyan-color has-text-color\">&#8230; und aus dieser Stille heraus darf es geschehen, das Leben. <br>Kann ich es wahrnehmen voller Wunder und Sch\u00f6nheit. <br>Sp\u00fcre ich meine Lebensfreude, kann aus dieser heraus handeln. <br><br>Inne halten und lauschen, meinem eigenen Atmen, dem Atem der Natur um mich herum. Eine Pause machen, ganz bewusst heraus treten aus dem Alltag. <br>Heraus aus meinen Gedanken, meinen Ideen und Konzepten. <br>Heraus aus meinen Rollen, aus meinem Ego.<br>Heraus aus meinem Wollen und Suchen. <br><br>Denn ich finde es in mir. Alles, was ich suche ist in mir. <br>Ich finde dort Frieden in dieser Stille. <br>Kann mir alles anschauen und loslassen, was mich nicht gl\u00fccklich macht.<br>Mich von Gedanken befreien und bewusst eine Auszeit nehmen. <br>Und so wieder zur\u00fcck finden zu meiner Lebensfreude, zu mir selbst. <br><br>Denn jetzt grad muss ich nix! Ich sitze einfach und lausche dem Atem <br>und kann genie\u00dfen, sp\u00fcre ein Wohlbefinden f\u00fcr K\u00f6rper und Seele, <br>sp\u00fcre Lebensfreude. <\/p>\n\n\n\n<p class=\"has-text-align-left has-vivid-green-cyan-color has-text-color\">Und dann \u00f6ffne ich wieder meine Augen&#8230;  <br><br>Wenn Du inne halten m\u00f6chtest, dann druck es Dir gerne aus:<\/p>\n\n\n\n<figure class=\"wp-block-image size-full is-resized\"><img decoding=\"async\" loading=\"lazy\" src=\"https:\/\/clownseidank.de\/wp-content\/uploads\/2024\/12\/inne-rot.png\" alt=\"\" class=\"wp-image-1878\" width=\"650\" height=\"373\"\/><\/figure>\n\n\n\n<figure class=\"wp-block-image size-large\"><img decoding=\"async\" loading=\"lazy\" width=\"1024\" height=\"849\" src=\"https:\/\/clownseidank.de\/wp-content\/uploads\/2023\/03\/photo_2022-03-04_18-27-10-1024x849.jpg\" alt=\"\" class=\"wp-image-1588\" srcset=\"https:\/\/clownseidank.de\/wp-content\/uploads\/2023\/03\/photo_2022-03-04_18-27-10-1024x849.jpg 1024w, https:\/\/clownseidank.de\/wp-content\/uploads\/2023\/03\/photo_2022-03-04_18-27-10-300x249.jpg 300w, https:\/\/clownseidank.de\/wp-content\/uploads\/2023\/03\/photo_2022-03-04_18-27-10-768x637.jpg 768w, https:\/\/clownseidank.de\/wp-content\/uploads\/2023\/03\/photo_2022-03-04_18-27-10.jpg 1280w\" sizes=\"(max-width: 1024px) 100vw, 1024px\" \/><\/figure>\n\n\n\n<p><\/p>\n","protected":false},"excerpt":{"rendered":"<p>&#8230;und still sein &#8211; In Stille sein Der Poesie des Lebens lauschen &#8211; JETZT &#8230; und aus dieser Stille heraus darf es geschehen, das Leben. Kann ich es wahrnehmen voller Wunder und Sch\u00f6nheit. Sp\u00fcre ich meine Lebensfreude, kann aus dieser heraus handeln. Inne halten und lauschen, meinem eigenen Atmen, dem Atem der Natur um mich [&hellip;]<\/p>\n","protected":false},"author":1,"featured_media":0,"parent":0,"menu_order":0,"comment_status":"closed","ping_status":"closed","template":"","meta":[],"_links":{"self":[{"href":"https:\/\/clownseidank.de\/index.php\/wp-json\/wp\/v2\/pages\/1568"}],"collection":[{"href":"https:\/\/clownseidank.de\/index.php\/wp-json\/wp\/v2\/pages"}],"about":[{"href":"https:\/\/clownseidank.de\/index.php\/wp-json\/wp\/v2\/types\/page"}],"author":[{"embeddable":true,"href":"https:\/\/clownseidank.de\/index.php\/wp-json\/wp\/v2\/users\/1"}],"replies":[{"embeddable":true,"href":"https:\/\/clownseidank.de\/index.php\/wp-json\/wp\/v2\/comments?post=1568"}],"version-history":[{"count":10,"href":"https:\/\/clownseidank.de\/index.php\/wp-json\/wp\/v2\/pages\/1568\/revisions"}],"predecessor-version":[{"id":1880,"href":"https:\/\/clownseidank.de\/index.php\/wp-json\/wp\/v2\/pages\/1568\/revisions\/1880"}],"wp:attachment":[{"href":"https:\/\/clownseidank.de\/index.php\/wp-json\/wp\/v2\/media?parent=1568"}],"curies":[{"name":"wp","href":"https:\/\/api.w.org\/{rel}","templated":true}]}}