{"id":54,"date":"2018-09-27T08:23:31","date_gmt":"2018-09-27T06:23:31","guid":{"rendered":"https:\/\/clownseidank.de\/?page_id=54"},"modified":"2024-10-28T17:59:37","modified_gmt":"2024-10-28T16:59:37","slug":"datenschutz","status":"publish","type":"page","link":"https:\/\/clownseidank.de\/index.php\/datenschutz\/","title":{"rendered":"Datenschutz"},"content":{"rendered":"\n<h1 class=\"wp-block-heading\"><\/h1>\n\n\n\n<h1 class=\"wp-block-heading\">Datenschutzerkl\u00e4rung<\/h1>\n\n\n\n<h2 class=\"wp-block-heading\">1. Datenschutz auf einen Blick<\/h2>\n\n\n\n<h3 class=\"wp-block-heading\">Allgemeine Hinweise<\/h3>\n\n\n\n<p>Die folgenden Hinweise geben einen einfachen \u00dcberblick dar\u00fcber, was\nmit Ihren personenbezogenen Daten passiert, wenn Sie unsere Website\nbesuchen. Personenbezogene Daten sind alle Daten, mit denen Sie\npers\u00f6nlich identifiziert werden k\u00f6nnen. Ausf\u00fchrliche Informationen zum\nThema Datenschutz entnehmen Sie unserer unter diesem Text aufgef\u00fchrten\nDatenschutzerkl\u00e4rung.<\/p>\n\n\n\n<h3 class=\"wp-block-heading\">Datenerfassung auf unserer Website<\/h3>\n\n\n\n<p>Wer ist verantwortlich f\u00fcr die Datenerfassung auf dieser Website?<\/p>\n\n\n\n<p>Die Datenverarbeitung auf dieser Website erfolgt durch den\nWebsitebetreiber. Dessen Kontaktdaten k\u00f6nnen Sie dem Impressum dieser\nWebsite entnehmen.<\/p>\n\n\n\n<p>Wie erfassen wir Ihre Daten?<\/p>\n\n\n\n<p>Ihre Daten werden zum einen dadurch erhoben, dass Sie uns diese\nmitteilen. Hierbei kann es sich z.B. um Daten handeln, die Sie in ein\nKontaktformular eingeben.<\/p>\n\n\n\n<p>Andere Daten werden automatisch beim Besuch der Website durch unsere\nIT-Systeme erfasst. Das sind vor allem technische Daten (z.B.\nInternetbrowser, Betriebssystem oder Uhrzeit des Seitenaufrufs). Die\nErfassung dieser Daten erfolgt automatisch, sobald Sie unsere Website\nbetreten.<\/p>\n\n\n\n<p>Wof\u00fcr nutzen wir Ihre Daten?<\/p>\n\n\n\n<p>Ein Teil der Daten wird erhoben, um eine fehlerfreie Bereitstellung\nder Website zu gew\u00e4hrleisten. Andere Daten k\u00f6nnen zur Analyse Ihres\nNutzerverhaltens verwendet werden.<\/p>\n\n\n\n<p>Welche Rechte haben Sie bez\u00fcglich Ihrer Daten?<\/p>\n\n\n\n<p>Sie haben jederzeit das Recht unentgeltlich Auskunft \u00fcber Herkunft,\nEmpf\u00e4nger und Zweck Ihrer gespeicherten personenbezogenen Daten zu\nerhalten. Sie haben au\u00dferdem ein Recht, die Berichtigung, Sperrung oder\nL\u00f6schung dieser Daten zu verlangen. Hierzu sowie zu weiteren Fragen zum\nThema Datenschutz k\u00f6nnen Sie sich jederzeit unter der im Impressum\nangegebenen Adresse an uns wenden. Des Weiteren steht Ihnen ein\nBeschwerderecht bei der zust\u00e4ndigen Aufsichtsbeh\u00f6rde zu.<\/p>\n\n\n\n<h2 class=\"wp-block-heading\">2. Allgemeine Hinweise und Pflichtinformationen<\/h2>\n\n\n\n<h3 class=\"wp-block-heading\">Datenschutz<\/h3>\n\n\n\n<p>Die Betreiber dieser Seiten nehmen den Schutz Ihrer pers\u00f6nlichen\nDaten sehr ernst. Wir behandeln Ihre personenbezogenen Daten vertraulich\nund entsprechend der gesetzlichen Datenschutzvorschriften sowie dieser\nDatenschutzerkl\u00e4rung.<\/p>\n\n\n\n<p>Wenn Sie diese Website benutzen, werden verschiedene personenbezogene\nDaten erhoben. Personenbezogene Daten sind Daten, mit denen Sie\npers\u00f6nlich identifiziert werden k\u00f6nnen. Die vorliegende\nDatenschutzerkl\u00e4rung erl\u00e4utert, welche Daten wir erheben und wof\u00fcr wir\nsie nutzen. Sie erl\u00e4utert auch, wie und zu welchem Zweck das geschieht.<\/p>\n\n\n\n<p>Wir weisen darauf hin, dass die Daten\u00fcbertragung im Internet (z.B.\nbei der Kommunikation per E-Mail) Sicherheitsl\u00fccken aufweisen kann. Ein\nl\u00fcckenloser Schutz der Daten vor dem Zugriff durch Dritte ist nicht\nm\u00f6glich.<\/p>\n\n\n\n<h3 class=\"wp-block-heading\">Hinweis zur verantwortlichen Stelle<\/h3>\n\n\n\n<p>Die verantwortliche Stelle f\u00fcr die Datenverarbeitung auf dieser Website ist:<\/p>\n\n\n\n<p>Armin Huwald Bockhorner Str. 25 26316 Varel<\/p>\n\n\n\n<p>&nbsp;<\/p>\n\n\n\n<h2 class=\"wp-block-heading\">Kontakt:<\/h2>\n\n\n\n<p>E-Mail: mail@clownseidank.de<\/p>\n\n\n\n<p>Verantwortliche Stelle ist die nat\u00fcrliche oder juristische Person,\ndie allein oder gemeinsam mit anderen \u00fcber die Zwecke und Mittel der\nVerarbeitung von personenbezogenen Daten (z.B. Namen, E-Mail-Adressen o.\n\u00c4.) entscheidet.<\/p>\n\n\n\n<h3 class=\"wp-block-heading\">Widerruf Ihrer Einwilligung zur Datenverarbeitung<\/h3>\n\n\n\n<p>Viele Datenverarbeitungsvorg\u00e4nge sind nur mit Ihrer ausdr\u00fccklichen\nEinwilligung m\u00f6glich. Sie k\u00f6nnen eine bereits erteilte Einwilligung\njederzeit widerrufen. Dazu reicht eine formlose Mitteilung per E-Mail an\nuns. Die Rechtm\u00e4\u00dfigkeit der bis zum Widerruf erfolgten\nDatenverarbeitung bleibt vom Widerruf unber\u00fchrt.<\/p>\n\n\n\n<h3 class=\"wp-block-heading\">Beschwerderecht bei der zust\u00e4ndigen Aufsichtsbeh\u00f6rde<\/h3>\n\n\n\n<p>Im Falle datenschutzrechtlicher Verst\u00f6\u00dfe steht dem Betroffenen ein\nBeschwerderecht bei der zust\u00e4ndigen Aufsichtsbeh\u00f6rde zu. Zust\u00e4ndige\nAufsichtsbeh\u00f6rde in datenschutzrechtlichen Fragen ist der\nLandesdatenschutzbeauftragte des Bundeslandes, in dem unser Unternehmen\nseinen Sitz hat. Eine Liste der Datenschutzbeauftragten sowie deren\nKontaktdaten k\u00f6nnen folgendem Link entnommen werden: <a href=\"https:\/\/www.bfdi.bund.de\/DE\/Infothek\/Anschriften_Links\/anschriften_links-node.html\" target=\"_blank\" rel=\"noreferrer noopener\">https:\/\/www.bfdi.bund.de\/DE\/Infothek\/Anschriften_Links\/anschriften_links-node.html<\/a>.<\/p>\n\n\n\n<h3 class=\"wp-block-heading\">Recht auf Daten\u00fcbertragbarkeit<\/h3>\n\n\n\n<p>Sie haben das Recht, Daten, die wir auf Grundlage Ihrer Einwilligung\noder in Erf\u00fcllung eines Vertrags automatisiert verarbeiten, an sich oder\nan einen Dritten in einem g\u00e4ngigen, maschinenlesbaren Format\naush\u00e4ndigen zu lassen. Sofern Sie die direkte \u00dcbertragung der Daten an\neinen anderen Verantwortlichen verlangen, erfolgt dies nur, soweit es\ntechnisch machbar ist.<\/p>\n\n\n\n<h3 class=\"wp-block-heading\">SSL- bzw. TLS-Verschl\u00fcsselung<\/h3>\n\n\n\n<p>Diese Seite nutzt aus Sicherheitsgr\u00fcnden und zum Schutz der\n\u00dcbertragung vertraulicher Inhalte, wie zum Beispiel Bestellungen oder\nAnfragen, die Sie an uns als Seitenbetreiber senden, eine SSL-bzw.\nTLS-Verschl\u00fcsselung. Eine verschl\u00fcsselte Verbindung erkennen Sie daran,\ndass die Adresszeile des Browsers von \u201chttp:\/\/\u201d auf \u201chttps:\/\/\u201d wechselt\nund an dem Schloss-Symbol in Ihrer Browserzeile.<\/p>\n\n\n\n<p>Wenn die SSL- bzw. TLS-Verschl\u00fcsselung aktiviert ist, k\u00f6nnen die\nDaten, die Sie an uns \u00fcbermitteln, nicht von Dritten mitgelesen werden.<\/p>\n\n\n\n<h3 class=\"wp-block-heading\">Verschl\u00fcsselter Zahlungsverkehr auf dieser Website<\/h3>\n\n\n\n<p>Besteht nach dem Abschluss eines kostenpflichtigen Vertrags eine\nVerpflichtung, uns Ihre Zahlungsdaten (z.B. Kontonummer bei\nEinzugserm\u00e4chtigung) zu \u00fcbermitteln, werden diese Daten zur\nZahlungsabwicklung ben\u00f6tigt.<\/p>\n\n\n\n<p>Der Zahlungsverkehr \u00fcber die g\u00e4ngigen Zahlungsmittel\n(Visa\/MasterCard, Lastschriftverfahren) erfolgt ausschlie\u00dflich \u00fcber eine\nverschl\u00fcsselte SSL- bzw. TLS-Verbindung. Eine verschl\u00fcsselte Verbindung\nerkennen Sie daran, dass die Adresszeile des Browsers von \u201ehttp:\/\/\u201c auf\n\u201ehttps:\/\/\u201c wechselt und an dem Schloss-Symbol in Ihrer Browserzeile.<\/p>\n\n\n\n<p>Bei verschl\u00fcsselter Kommunikation k\u00f6nnen Ihre Zahlungsdaten, die Sie an uns \u00fcbermitteln, nicht von Dritten mitgelesen werden.<\/p>\n\n\n\n<h3 class=\"wp-block-heading\">Auskunft, Sperrung, L\u00f6schung<\/h3>\n\n\n\n<p>Sie haben im Rahmen der geltenden gesetzlichen Bestimmungen jederzeit\ndas Recht auf unentgeltliche Auskunft \u00fcber Ihre gespeicherten\npersonenbezogenen Daten, deren Herkunft und Empf\u00e4nger und den Zweck der\nDatenverarbeitung und ggf. ein Recht auf Berichtigung, Sperrung oder\nL\u00f6schung dieser Daten. Hierzu sowie zu weiteren Fragen zum Thema\npersonenbezogene Daten k\u00f6nnen Sie sich jederzeit unter der im Impressum\nangegebenen Adresse an uns wenden.<\/p>\n\n\n\n<p>Ihr Recht auf \u201evergessen Werden\u201c (Art. 17 DSGVO) nehmen wir ernst.\nNachdem der Zweck f\u00fcr die Datenspeicherung entf\u00e4llt, l\u00f6schen wir Ihre\nDaten sp\u00e4testens nach 12 Monaten. Bevor es zur Deaktivierung Ihres\nBenutzerkontos kommt, werden Sie entsprechend per Mail informiert,<\/p>\n\n\n\n<h3 class=\"wp-block-heading\">Widerspruch gegen Werbe-Mails<\/h3>\n\n\n\n<p>Der Nutzung von im Rahmen der Impressumspflicht ver\u00f6ffentlichten\nKontaktdaten zur \u00dcbersendung von nicht ausdr\u00fccklich angeforderter\nWerbung und Informationsmaterialien wird hiermit widersprochen. Die\nBetreiber der Seiten behalten sich ausdr\u00fccklich rechtliche Schritte im\nFalle der unverlangten Zusendung von Werbeinformationen, etwa durch\nSpam-E-Mails, vor.<\/p>\n\n\n\n<h2 class=\"wp-block-heading\">3. Datenerfassung auf unserer Website<\/h2>\n\n\n\n<h3 class=\"wp-block-heading\">Cookies<\/h3>\n\n\n\n<p>Die Internetseiten verwenden teilweise so genannte Cookies. Cookies\nrichten auf Ihrem Rechner keinen Schaden an und enthalten keine Viren.\nCookies dienen dazu, unser Angebot nutzerfreundlicher, effektiver und\nsicherer zu machen. Cookies sind kleine Textdateien, die auf Ihrem\nRechner abgelegt werden und die Ihr Browser speichert.<\/p>\n\n\n\n<p>Die meisten der von uns verwendeten Cookies sind so genannte\n\u201cSession-Cookies\u201d. Sie werden nach Ende Ihres Besuchs automatisch\ngel\u00f6scht. Andere Cookies bleiben auf Ihrem Endger\u00e4t gespeichert bis Sie\ndiese l\u00f6schen. Diese Cookies erm\u00f6glichen es uns, Ihren Browser beim\nn\u00e4chsten Besuch wiederzuerkennen.<\/p>\n\n\n\n<p>Sie k\u00f6nnen Ihren Browser so einstellen, dass Sie \u00fcber das Setzen von\nCookies informiert werden und Cookies nur im Einzelfall erlauben, die\nAnnahme von Cookies f\u00fcr bestimmte F\u00e4lle oder generell ausschlie\u00dfen sowie\ndas automatische L\u00f6schen der Cookies beim Schlie\u00dfen des Browser\naktivieren. Bei der Deaktivierung von Cookies kann die Funktionalit\u00e4t\ndieser Website eingeschr\u00e4nkt sein.<\/p>\n\n\n\n<p>Cookies, die zur Durchf\u00fchrung des elektronischen\nKommunikationsvorgangs oder zur Bereitstellung bestimmter, von Ihnen\nerw\u00fcnschter Funktionen (z.B. Warenkorbfunktion) erforderlich sind,\nwerden auf Grundlage von Art. 6 Abs. 1 lit. f DSGVO gespeichert. Der\nWebsitebetreiber hat ein berechtigtes Interesse an der Speicherung von\nCookies zur technisch fehlerfreien und optimierten Bereitstellung seiner\nDienste. Soweit andere Cookies (z.B. Cookies zur Analyse Ihres\nSurfverhaltens) gespeichert werden, werden diese in dieser\nDatenschutzerkl\u00e4rung gesondert behandelt.<\/p>\n\n\n\n<h3 class=\"wp-block-heading\">Server-Log-Dateien<\/h3>\n\n\n\n<p>Der Provider der Seiten erhebt und speichert automatisch\nInformationen in so genannten Server-Log-Dateien, die Ihr Browser\nautomatisch an uns \u00fcbermittelt. Dies sind:<\/p>\n\n\n\n<ul>\n<li>Browsertyp und Browserversion<\/li>\n\n\n\n<li>verwendetes Betriebssystem<\/li>\n\n\n\n<li>Referrer URL<\/li>\n\n\n\n<li>Hostname des zugreifenden Rechners<\/li>\n\n\n\n<li>Uhrzeit der Serveranfrage<\/li>\n\n\n\n<li>IP-Adresse<\/li>\n<\/ul>\n\n\n\n<p>Eine Zusammenf\u00fchrung dieser Daten mit anderen Datenquellen wird nicht vorgenommen.<\/p>\n\n\n\n<p>Grundlage f\u00fcr die Datenverarbeitung ist Art. 6 Abs. 1 lit. f DSGVO,\nder die Verarbeitung von Daten zur Erf\u00fcllung eines Vertrags oder\nvorvertraglicher Ma\u00dfnahmen gestattet.<\/p>\n\n\n\n<h3 class=\"wp-block-heading\">Kontaktformular<\/h3>\n\n\n\n<p>Wenn Sie uns per Kontaktformular Anfragen zukommen lassen, werden\nIhre Angaben aus dem Anfrageformular inklusive der von Ihnen dort\nangegebenen Kontaktdaten zwecks Bearbeitung der Anfrage und f\u00fcr den Fall\nvon Anschlussfragen bei uns gespeichert. Diese Daten geben wir nicht\nohne Ihre Einwilligung weiter.<\/p>\n\n\n\n<p>Die Verarbeitung der in das Kontaktformular eingegebenen Daten\nerfolgt somit ausschlie\u00dflich auf Grundlage Ihrer Einwilligung (Art. 6\nAbs. 1 lit. a DSGVO). Sie k\u00f6nnen diese Einwilligung jederzeit\nwiderrufen. Dazu reicht eine formlose Mitteilung per E-Mail an uns. Die\nRechtm\u00e4\u00dfigkeit der bis zum Widerruf erfolgten Datenverarbeitungsvorg\u00e4nge\nbleibt vom Widerruf unber\u00fchrt.<\/p>\n\n\n\n<p>Die von Ihnen im Kontaktformular eingegebenen Daten verbleiben bei\nuns, bis Sie uns zur L\u00f6schung auffordern, Ihre Einwilligung zur\nSpeicherung widerrufen oder der Zweck f\u00fcr die Datenspeicherung entf\u00e4llt\n(z.B. nach abgeschlossener Bearbeitung Ihrer Anfrage). Zwingende\ngesetzliche Bestimmungen \u2013 insbesondere Aufbewahrungsfristen \u2013 bleiben\nunber\u00fchrt.<\/p>\n\n\n\n<h3 class=\"wp-block-heading\">Registrierung auf dieser Website<\/h3>\n\n\n\n<p>Sie k\u00f6nnen sich auf unserer Website registrieren, um zus\u00e4tzliche\nFunktionen auf der Seite zu nutzen. Die dazu eingegebenen Daten\nverwenden wir nur zum Zwecke der Nutzung des jeweiligen Angebotes oder\nDienstes, f\u00fcr den Sie sich registriert haben. Die bei der Registrierung\nabgefragten Pflichtangaben m\u00fcssen vollst\u00e4ndig angegeben werden.\nAnderenfalls werden wir die Registrierung ablehnen.<\/p>\n\n\n\n<p>F\u00fcr wichtige \u00c4nderungen etwa beim Angebotsumfang oder bei technisch\nnotwendigen \u00c4nderungen nutzen wir die bei der Registrierung angegebene\nE-Mail-Adresse, um Sie auf diesem Wege zu informieren.<\/p>\n\n\n\n<p>Die Verarbeitung der bei der Registrierung eingegebenen Daten erfolgt\nauf Grundlage Ihrer Einwilligung (Art. 6 Abs. 1 lit. a DSGVO). Sie\nk\u00f6nnen eine von Ihnen erteilte Einwilligung jederzeit widerrufen. Dazu\nreicht eine formlose Mitteilung per E-Mail an uns. Die Rechtm\u00e4\u00dfigkeit\nder bereits erfolgten Datenverarbeitung bleibt vom Widerruf unber\u00fchrt.<\/p>\n\n\n\n<p>Die bei der Registrierung erfassten Daten werden von uns gespeichert,\nsolange Sie auf unserer Website registriert sind und werden\nanschlie\u00dfend gel\u00f6scht. Gesetzliche Aufbewahrungsfristen bleiben\nunber\u00fchrt.<\/p>\n\n\n\n<h3 class=\"wp-block-heading\">Kommentarfunktion auf dieser Website<\/h3>\n\n\n\n<p>F\u00fcr die Kommentarfunktion auf dieser Seite werden neben Ihrem\nKommentar auch Angaben zum Zeitpunkt der Erstellung des Kommentars, Ihre\nE-Mail-Adresse und, wenn Sie nicht anonym posten, der von Ihnen\ngew\u00e4hlte Nutzername gespeichert.<\/p>\n\n\n\n<p>Speicherung der IP-Adresse<\/p>\n\n\n\n<p>Unsere Kommentarfunktion speichert die IP-Adressen der Nutzer, die\nKommentare verfassen. Da wir Kommentare auf unserer Seite nicht vor der\nFreischaltung pr\u00fcfen, ben\u00f6tigen wir diese Daten, um im Falle von\nRechtsverletzungen wie Beleidigungen oder Propaganda gegen den Verfasser\nvorgehen zu k\u00f6nnen.<\/p>\n\n\n\n<p>Abonnieren von Kommentaren<\/p>\n\n\n\n<p>Als Nutzer der Seite k\u00f6nnen Sie nach einer Anmeldung Kommentare\nabonnieren. Sie erhalten eine Best\u00e4tigungsemail, um zu pr\u00fcfen, ob Sie\nder Inhaber der angegebenen E-Mail-Adresse sind. Sie k\u00f6nnen diese\nFunktion jederzeit \u00fcber einen Link in den Info-Mails abbestellen. Die im\nRahmen des Abonnierens von Kommentaren eingegebenen Daten werden in\ndiesem Fall gel\u00f6scht; wenn Sie diese Daten f\u00fcr andere Zwecke und an\nanderer Stelle (z.B. Newsletterbestellung) an uns \u00fcbermittelt haben,\nverbleiben die jedoch bei uns.<\/p>\n\n\n\n<p>Speicherdauer der Kommentare<\/p>\n\n\n\n<p>Die Kommentare und die damit verbundenen Daten (z.B. IP-Adresse)\nwerden gespeichert und verbleiben auf unserer Website, bis der\nkommentierte Inhalt vollst\u00e4ndig gel\u00f6scht wurde oder die Kommentare aus\nrechtlichen Gr\u00fcnden gel\u00f6scht werden m\u00fcssen (z.B. beleidigende\nKommentare).<\/p>\n\n\n\n<p>Rechtsgrundlage<\/p>\n\n\n\n<p>Die Speicherung der Kommentare erfolgt auf Grundlage Ihrer\nEinwilligung (Art. 6 Abs. 1 lit. a DSGVO). Sie k\u00f6nnen eine von Ihnen\nerteilte Einwilligung jederzeit widerrufen. Dazu reicht eine formlose\nMitteilung per E-Mail an uns. Die Rechtm\u00e4\u00dfigkeit der bereits erfolgten\nDatenverarbeitungsvorg\u00e4nge bleibt vom Widerruf unber\u00fchrt.<\/p>\n\n\n\n<h3 class=\"wp-block-heading\">Daten\u00fcbermittlung bei Vertragsschluss f\u00fcr Dienstleistungen und digitale Inhalte<\/h3>\n\n\n\n<p>Wir \u00fcbermitteln personenbezogene Daten an Dritte nur dann, wenn dies\nim Rahmen der Vertragsabwicklung notwendig ist, etwa an das mit der\nZahlungsabwicklung beauftragte Kreditinstitut.<\/p>\n\n\n\n<p>Eine weitergehende \u00dcbermittlung der Daten erfolgt nicht bzw. nur\ndann, wenn Sie der \u00dcbermittlung ausdr\u00fccklich zugestimmt haben. Eine\nWeitergabe Ihrer Daten an Dritte ohne ausdr\u00fcckliche Einwilligung, etwa\nzu Zwecken der Werbung, erfolgt nicht.<\/p>\n\n\n\n<p>Grundlage f\u00fcr die Datenverarbeitung ist Art. 6 Abs. 1 lit. b DSGVO,\nder die Verarbeitung von Daten zur Erf\u00fcllung eines Vertrags oder\nvorvertraglicher Ma\u00dfnahmen gestattet.<\/p>\n\n\n\n<h2 class=\"wp-block-heading\">4. Newsletter<\/h2>\n\n\n\n<h3 class=\"wp-block-heading\">Newsletterdaten<\/h3>\n\n\n\n<p>Wenn Sie den auf der Website angebotenen Newsletter beziehen m\u00f6chten,\nben\u00f6tigen wir von Ihnen eine E-Mail-Adresse sowie Informationen, welche\nuns die \u00dcberpr\u00fcfung gestatten, dass Sie der Inhaber der angegebenen\nE-Mail-Adresse sind und mit dem Empfang des Newsletters einverstanden\nsind. Weitere Daten werden nicht bzw. nur auf freiwilliger Basis\nerhoben. Diese Daten verwenden wir ausschlie\u00dflich f\u00fcr den Versand der\nangeforderten Informationen und geben diese nicht an Dritte weiter.<\/p>\n\n\n\n<p>Die Verarbeitung der in das Newsletteranmeldeformular eingegebenen\nDaten erfolgt ausschlie\u00dflich auf Grundlage Ihrer Einwilligung (Art. 6\nAbs. 1 lit. a DSGVO). Die erteilte Einwilligung zur Speicherung der\nDaten, der E-Mail-Adresse sowie deren Nutzung zum Versand des\nNewsletters k\u00f6nnen Sie jederzeit widerrufen, etwa \u00fcber den\n\u201eAustragen\u201c-Link im Newsletter. Die Rechtm\u00e4\u00dfigkeit der bereits erfolgten\nDatenverarbeitungsvorg\u00e4nge bleibt vom Widerruf unber\u00fchrt.<\/p>\n\n\n\n<p>Die von Ihnen zum Zwecke des Newsletter-Bezugs bei uns hinterlegten\nDaten werden von uns bis zu Ihrer Austragung aus dem Newsletter\ngespeichert und nach der Abbestellung des Newsletters gel\u00f6scht. Daten,\ndie zu anderen Zwecken bei uns gespeichert wurden (z.B. E-Mail-Adressen\nf\u00fcr den Mitgliederbereich) bleiben hiervon unber\u00fchrt.<\/p>\n\n\n\n<h2 class=\"wp-block-heading\">5. Plugins und Tools<\/h2>\n\n\n\n<h3 class=\"wp-block-heading\">YouTube<\/h3>\n\n\n\n<p>Unsere Website nutzt Plugins der von Google betriebenen Seite\nYouTube. Betreiber der Seiten ist die YouTube, LLC, 901 Cherry Ave., San\nBruno, CA 94066, USA.<\/p>\n\n\n\n<p>Wenn Sie eine unserer mit einem YouTube-Plugin ausgestatteten Seiten\nbesuchen, wird eine Verbindung zu den Servern von YouTube hergestellt.\nDabei wird dem YouTube-Server mitgeteilt, welche unserer Seiten Sie\nbesucht haben.<\/p>\n\n\n\n<p>Wenn Sie in Ihrem YouTube-Account eingeloggt sind, erm\u00f6glichen Sie\nYouTube, Ihr Surfverhalten direkt Ihrem pers\u00f6nlichen Profil zuzuordnen.\nDies k\u00f6nnen Sie verhindern, indem Sie sich aus Ihrem YouTube-Account\nausloggen.<\/p>\n\n\n\n<p>Die Nutzung von YouTube erfolgt im Interesse einer ansprechenden\nDarstellung unserer Online-Angebote. Dies stellt ein berechtigtes\nInteresse im Sinne von Art. 6 Abs. 1 lit. f DSGVO dar.<\/p>\n\n\n\n<p>Weitere Informationen zum Umgang mit Nutzerdaten finden Sie in der Datenschutzerkl\u00e4rung von YouTube unter: <a href=\"https:\/\/www.google.de\/intl\/de\/policies\/privacy\" target=\"_blank\" rel=\"noreferrer noopener\">https:\/\/www.google.de\/intl\/de\/policies\/privacy<\/a>.<\/p>\n","protected":false},"excerpt":{"rendered":"<p>Datenschutzerkl\u00e4rung 1. Datenschutz auf einen Blick Allgemeine Hinweise Die folgenden Hinweise geben einen einfachen \u00dcberblick dar\u00fcber, was mit Ihren personenbezogenen Daten passiert, wenn Sie unsere Website besuchen. Personenbezogene Daten sind alle Daten, mit denen Sie pers\u00f6nlich identifiziert werden k\u00f6nnen. Ausf\u00fchrliche Informationen zum Thema Datenschutz entnehmen Sie unserer unter diesem Text aufgef\u00fchrten Datenschutzerkl\u00e4rung. Datenerfassung auf unserer [&hellip;]<\/p>\n","protected":false},"author":1,"featured_media":0,"parent":0,"menu_order":0,"comment_status":"closed","ping_status":"closed","template":"","meta":[],"_links":{"self":[{"href":"https:\/\/clownseidank.de\/index.php\/wp-json\/wp\/v2\/pages\/54"}],"collection":[{"href":"https:\/\/clownseidank.de\/index.php\/wp-json\/wp\/v2\/pages"}],"about":[{"href":"https:\/\/clownseidank.de\/index.php\/wp-json\/wp\/v2\/types\/page"}],"author":[{"embeddable":true,"href":"https:\/\/clownseidank.de\/index.php\/wp-json\/wp\/v2\/users\/1"}],"replies":[{"embeddable":true,"href":"https:\/\/clownseidank.de\/index.php\/wp-json\/wp\/v2\/comments?post=54"}],"version-history":[{"count":4,"href":"https:\/\/clownseidank.de\/index.php\/wp-json\/wp\/v2\/pages\/54\/revisions"}],"predecessor-version":[{"id":1815,"href":"https:\/\/clownseidank.de\/index.php\/wp-json\/wp\/v2\/pages\/54\/revisions\/1815"}],"wp:attachment":[{"href":"https:\/\/clownseidank.de\/index.php\/wp-json\/wp\/v2\/media?parent=54"}],"curies":[{"name":"wp","href":"https:\/\/api.w.org\/{rel}","templated":true}]}}