{"id":57,"date":"2018-09-27T08:27:27","date_gmt":"2018-09-27T06:27:27","guid":{"rendered":"https:\/\/clownseidank.de\/?page_id=57"},"modified":"2024-10-28T18:00:32","modified_gmt":"2024-10-28T17:00:32","slug":"impressum","status":"publish","type":"page","link":"https:\/\/clownseidank.de\/index.php\/impressum\/","title":{"rendered":"Impressum"},"content":{"rendered":"\n<h1 class=\"wp-block-heading\"><span style=\"color: #ff6600;\">Impressum<\/span><\/h1>\n\n\n\n<h2 class=\"wp-block-heading\"><span style=\"color: #99cc00;\">Angaben gem\u00e4\u00df \u00a7 5 TMG:<\/span><\/h2>\n\n\n\n<p><span style=\"color: #00ff00;\">Armin Huwald<\/span> <span style=\"color: #00ff00;\">Bockhorner Str. 25<\/span> <span style=\"color: #00ff00;\">26316 Varel<\/span><\/p>\n\n\n\n<h2 class=\"wp-block-heading\"><span style=\"color: #33cccc;\">Kontakt:<\/span><\/h2>\n\n\n\n<p><span style=\"color: #008080;\">E-Mail: mail@clownseidank.de<\/span><\/p>\n\n\n\n<h2 class=\"wp-block-heading\"><span style=\"color: #800080;\">Fotos:<\/span><\/h2>\n\n\n\n<p><a href=\"http:\/\/www.demmer-foto.info\" target=\"_blank\" rel=\"noopener\"><span style=\"color: #00ffff;\">www.demmer-foto.info<\/span><\/a><\/p>\n\n\n\n<h1 class=\"wp-block-heading\"><span style=\"color: #ff9900;\">Haftungsausschluss (Disclaimer)<\/span><\/h1>\n\n\n\n<strong><span style=\"color: #ff0000;\">Ha<\/span><span style=\"color: #ff6600;\">ftung f\u00fcr Inhalte<\/span><\/strong>\r\n\r\n<span style=\"color: #ff6600;\">\n\n\n<p><\/p>\n<p><span style=\"color: #ff6600;\"><\/span><\/p>\n\n\n<\/span>\r\n\r\n<span style=\"color: #ff6600;\">Als Diensteanbieter sind wir gem\u00e4\u00df \u00a7 7 Abs.1 TMG f\u00fcr eigene Inhalte<\/span>\r\n<span style=\"color: #ff6600;\">auf diesen Seiten nach den allgemeinen Gesetzen verantwortlich. Nach \u00a7\u00a7 8<\/span>\r\n<span style=\"color: #ff6600;\">bis 10 TMG sind wir als Diensteanbieter jedoch nicht verpflichtet,<\/span>\r\n<span style=\"color: #ff6600;\">\u00fcbermittelte oder gespeicherte fremde Informationen zu \u00fcberwachen oder<\/span>\r\n<span style=\"color: #ff6600;\">nach Umst\u00e4nden zu forschen, die auf eine rechtswidrige T\u00e4tigkeit<\/span>\r\n<span style=\"color: #ff6600;\">hinweisen. Verpflichtungen zur Entfernung oder Sperrung der Nutzung von<\/span>\r\n<span style=\"color: #ff6600;\">Informationen nach den allgemeinen Gesetzen bleiben hiervon unber\u00fchrt.<\/span>\r\n<span style=\"color: #ff6600;\">Eine diesbez\u00fcgliche Haftung ist jedoch erst ab dem Zeitpunkt der<\/span>\r\n<span style=\"color: #ff6600;\">Kenntnis einer konkreten Rechtsverletzung m\u00f6glich. Bei Bekanntwerden von<\/span>\r\n<span style=\"color: #ff6600;\">entsprechenden Rechtsverletzungen werden wir diese Inhalte umgehend<\/span>\r\n<span style=\"color: #ff6600;\">entfernen.<\/span>\r\n\r\n<span style=\"color: #ff6600;\">\n\n\n<p><\/p>\n<p><span style=\"color: #ff6600;\"><\/span><\/p>\n\n\n<\/span>\r\n\r\n<span style=\"color: #ff6600;\"><strong>Haftung f\u00fcr Links<\/strong><\/span>\r\n\r\n<span style=\"color: #ff6600;\">\n\n\n<p><\/p>\n<p><span style=\"color: #ff6600;\"><\/span><\/p>\n\n\n<\/span>\r\n\r\n<span style=\"color: #ff6600;\">Unser Angebot enth\u00e4lt Links zu externen Webseiten Dritter, auf deren<\/span>\r\n<span style=\"color: #ff6600;\">Inhalte wir keinen Einfluss haben. Deshalb k\u00f6nnen wir f\u00fcr diese fremden<\/span>\r\n<span style=\"color: #ff6600;\">Inhalte auch keine Gew\u00e4hr \u00fcbernehmen. F\u00fcr die Inhalte der verlinkten<\/span>\r\n<span style=\"color: #ff6600;\">Seiten ist stets der jeweilige Anbieter oder Betreiber der Seiten<\/span>\r\n<span style=\"color: #ff6600;\">verantwortlich. Die verlinkten Seiten wurden zum Zeitpunkt der<\/span>\r\n<span style=\"color: #ff6600;\">Verlinkung auf m\u00f6gliche Rechtsverst\u00f6\u00dfe \u00fcberpr\u00fcft. Rechtswidrige Inhalte<\/span>\r\n<span style=\"color: #ff6600;\">waren zum Zeitpunkt der Verlinkung nicht erkennbar. Eine permanente<\/span>\r\n<span style=\"color: #ff6600;\">inhaltliche Kontrolle der verlinkten Seiten ist jedoch ohne konkrete<\/span>\r\n<span style=\"color: #ff6600;\">Anhaltspunkte einer Rechtsverletzung nicht zumutbar. Bei Bekanntwerden<\/span>\r\n<span style=\"color: #ff6600;\">von Rechtsverletzungen werden wir derartige Links umgehend entfernen.<\/span>\r\n\r\n<span style=\"color: #ff6600;\">\n\n\n<p><\/p>\n<p><span style=\"color: #ff6600;\"><\/span><\/p>\n\n\n<\/span>\r\n\r\n<span style=\"color: #ff6600;\"><strong>Urheberrecht<\/strong><\/span>\r\n\r\n<span style=\"color: #ff6600;\">\n\n\n<p><\/p>\n<p><span style=\"color: #ff6600;\"><\/span><\/p>\n\n\n<\/span>\r\n\r\n<span style=\"color: #ff6600;\">Die durch die Seitenbetreiber erstellten Inhalte und Werke auf diesen<\/span>\r\n<span style=\"color: #ff6600;\">Seiten unterliegen dem deutschen Urheberrecht. Die Vervielf\u00e4ltigung,<\/span>\r\n<span style=\"color: #ff6600;\">Bearbeitung, Verbreitung und jede Art der Verwertung au\u00dferhalb der<\/span>\r\n<span style=\"color: #ff6600;\">Grenzen des Urheberrechtes bed\u00fcrfen der schriftlichen Zustimmung des<\/span>\r\n<span style=\"color: #ff6600;\">jeweiligen Autors bzw. Erstellers. Downloads und Kopien dieser Seite<\/span>\r\n<span style=\"color: #ff6600;\">sind nur f\u00fcr den privaten, nicht kommerziellen Gebrauch gestattet.<\/span>\r\n<span style=\"color: #ff6600;\">Soweit die Inhalte auf dieser Seite nicht vom Betreiber erstellt wurden,<\/span>\r\n<span style=\"color: #ff6600;\">werden die Urheberrechte Dritter beachtet. Insbesondere werden Inhalte<\/span>\r\n<span style=\"color: #ff6600;\">Dritter als solche gekennzeichnet. Sollten Sie trotzdem auf eine<\/span>\r\n<span style=\"color: #ff6600;\">Urheberrechtsverletzung aufmerksam werden, bitten wir um einen<\/span>\r\n<span style=\"color: #ff6600;\">entsprechenden Hinweis. Bei Bekanntwerden von Rechtsverletzungen werden<\/span>\r\n<span style=\"color: #ff6600;\">wir derartige Inhalte umgehend entfernen.<\/span>\n","protected":false},"excerpt":{"rendered":"<p>Impressum Angaben gem\u00e4\u00df \u00a7 5 TMG: Armin Huwald Bockhorner Str. 25 26316 Varel Kontakt: E-Mail: mail@clownseidank.de Fotos: www.demmer-foto.info Haftungsausschluss (Disclaimer) Haftung f\u00fcr Inhalte Als Diensteanbieter sind wir gem\u00e4\u00df \u00a7 7 Abs.1 TMG f\u00fcr eigene Inhalte auf diesen Seiten nach den allgemeinen Gesetzen verantwortlich. Nach \u00a7\u00a7 8 bis 10 TMG sind wir als Diensteanbieter jedoch nicht [&hellip;]<\/p>\n","protected":false},"author":1,"featured_media":0,"parent":0,"menu_order":0,"comment_status":"closed","ping_status":"closed","template":"","meta":[],"_links":{"self":[{"href":"https:\/\/clownseidank.de\/index.php\/wp-json\/wp\/v2\/pages\/57"}],"collection":[{"href":"https:\/\/clownseidank.de\/index.php\/wp-json\/wp\/v2\/pages"}],"about":[{"href":"https:\/\/clownseidank.de\/index.php\/wp-json\/wp\/v2\/types\/page"}],"author":[{"embeddable":true,"href":"https:\/\/clownseidank.de\/index.php\/wp-json\/wp\/v2\/users\/1"}],"replies":[{"embeddable":true,"href":"https:\/\/clownseidank.de\/index.php\/wp-json\/wp\/v2\/comments?post=57"}],"version-history":[{"count":7,"href":"https:\/\/clownseidank.de\/index.php\/wp-json\/wp\/v2\/pages\/57\/revisions"}],"predecessor-version":[{"id":1816,"href":"https:\/\/clownseidank.de\/index.php\/wp-json\/wp\/v2\/pages\/57\/revisions\/1816"}],"wp:attachment":[{"href":"https:\/\/clownseidank.de\/index.php\/wp-json\/wp\/v2\/media?parent=57"}],"curies":[{"name":"wp","href":"https:\/\/api.w.org\/{rel}","templated":true}]}}