{"id":847,"date":"2019-10-18T12:53:41","date_gmt":"2019-10-18T10:53:41","guid":{"rendered":"https:\/\/clownseidank.de\/?page_id=847"},"modified":"2023-04-21T20:13:30","modified_gmt":"2023-04-21T18:13:30","slug":"bilderbuch","status":"publish","type":"page","link":"https:\/\/clownseidank.de\/index.php\/bilderbuch\/","title":{"rendered":"Bilderbuch"},"content":{"rendered":"<h4><span style=\"color: #0000ff;\">Der B\u00fccherCl<span style=\"color: #ff0000;\">o<\/span>wn &#8211; Eine Reise in die Welt der B\u00fccher<\/span><\/h4>\n<p><img decoding=\"async\" loading=\"lazy\" class=\"alignnone size-medium wp-image-848\" src=\"https:\/\/clownseidank.de\/wp-content\/uploads\/2019\/10\/PKquadrat3-300x300.png\" alt=\"\" width=\"300\" height=\"300\" srcset=\"https:\/\/clownseidank.de\/wp-content\/uploads\/2019\/10\/PKquadrat3-300x300.png 300w, https:\/\/clownseidank.de\/wp-content\/uploads\/2019\/10\/PKquadrat3-150x150.png 150w, https:\/\/clownseidank.de\/wp-content\/uploads\/2019\/10\/PKquadrat3-768x768.png 768w, https:\/\/clownseidank.de\/wp-content\/uploads\/2019\/10\/PKquadrat3-1024x1024.png 1024w, https:\/\/clownseidank.de\/wp-content\/uploads\/2019\/10\/PKquadrat3-100x100.png 100w, https:\/\/clownseidank.de\/wp-content\/uploads\/2019\/10\/PKquadrat3.png 1716w\" sizes=\"(max-width: 300px) 100vw, 300px\" \/><\/p>\n<p align=\"LEFT\"><span style=\"color: #0000ff;\">Der B\u00fccherCl<span style=\"color: #ff0000;\">o<\/span>wn reist in die Welt der B\u00fccher.<\/span><br \/>\n<span style=\"color: #0000ff;\">Dorthin, wo B\u00fccher gef\u00fchlvoll und farbenfroh sind.<\/span><br \/>\n<span style=\"color: #0000ff;\">Sich B\u00fccher reich an Tieren und Lieblingsdingen finden und zauberhaft lebendig werden. <\/span><br \/>\n<span style=\"color: #0000ff;\">Und der B\u00fccherCl<span style=\"color: #ff0000;\">o<\/span>wn so manches Buch zum Klingen bringt&#8230;<\/span><\/p>\n<p align=\"LEFT\"><span style=\"color: #0000ff;\">Wundersch\u00f6n illustriert von <a href=\"http:\/\/www.tattoo-elfenbein.de\" target=\"_blank\" rel=\"noopener\"><span style=\"color: #0000ff;\">Olaf Meemken<\/span><\/a><\/span><\/p>\n<h6 align=\"LEFT\"><span style=\"color: #0000ff;\">\u00dcberall im Buchhandel erh\u00e4ltlich!!!<br \/>\nISBN: 978 3 75040 644 5&nbsp;&nbsp;&nbsp;&nbsp;&nbsp; 12\u20ac<\/span><\/h6>\n<p><span style=\"color: #0000ff;\"><strong>Oder direkt<span style=\"color: #ff0000;\"> <a style=\"color: #ff0000;\" href=\"mailto:mail@clownseidank.de\" target=\"_blank\" rel=\"noopener\">hier<\/a> <\/span>bestellen, Lieferung auf Wunsch mit pers\u00f6nlicher Widmung vom B\u00fccherCl<span style=\"color: #ff0000;\">o<\/span>wn pers\u00f6nlich.<\/strong><\/span><\/p>\n<p><img decoding=\"async\" loading=\"lazy\" class=\"alignnone size-medium wp-image-851\" src=\"https:\/\/clownseidank.de\/wp-content\/uploads\/2019\/10\/BuchCover-300x293.gif\" alt=\"\" width=\"300\" height=\"293\"><\/p>\n<p align=\"LEFT\"><span style=\"color: #0000ff;\">Der B\u00fccherClown liest und spielt \u00fcberall!<br \/>\nNat\u00fcrlich gerne auch sein eigenes Buch,<br \/>\nauf Deinem Geburtstag, in Deiner Buchhandlung, Deiner Bibliothek&#8230;<\/span><\/p>\n<p align=\"LEFT\"><span style=\"color: #0000ff;\">Einfach eine <a style=\"color: #0000ff;\" href=\"mailto:mail@clownseidank.de\" target=\"_blank\" rel=\"noopener\">Mail<\/a> schreiben und schon kann die Lesung starten.<\/span><\/p>\n","protected":false},"excerpt":{"rendered":"<p>Der B\u00fccherClown &#8211; Eine Reise in die Welt der B\u00fccher Der B\u00fccherClown reist in die Welt der B\u00fccher. Dorthin, wo B\u00fccher gef\u00fchlvoll und farbenfroh sind. Sich B\u00fccher reich an Tieren und Lieblingsdingen finden und zauberhaft lebendig werden. Und der B\u00fccherClown so manches Buch zum Klingen bringt&#8230; Wundersch\u00f6n illustriert von Olaf Meemken \u00dcberall im Buchhandel erh\u00e4ltlich!!! [&hellip;]<\/p>\n","protected":false},"author":1,"featured_media":0,"parent":0,"menu_order":0,"comment_status":"closed","ping_status":"closed","template":"","meta":[],"_links":{"self":[{"href":"https:\/\/clownseidank.de\/index.php\/wp-json\/wp\/v2\/pages\/847"}],"collection":[{"href":"https:\/\/clownseidank.de\/index.php\/wp-json\/wp\/v2\/pages"}],"about":[{"href":"https:\/\/clownseidank.de\/index.php\/wp-json\/wp\/v2\/types\/page"}],"author":[{"embeddable":true,"href":"https:\/\/clownseidank.de\/index.php\/wp-json\/wp\/v2\/users\/1"}],"replies":[{"embeddable":true,"href":"https:\/\/clownseidank.de\/index.php\/wp-json\/wp\/v2\/comments?post=847"}],"version-history":[{"count":9,"href":"https:\/\/clownseidank.de\/index.php\/wp-json\/wp\/v2\/pages\/847\/revisions"}],"predecessor-version":[{"id":1110,"href":"https:\/\/clownseidank.de\/index.php\/wp-json\/wp\/v2\/pages\/847\/revisions\/1110"}],"wp:attachment":[{"href":"https:\/\/clownseidank.de\/index.php\/wp-json\/wp\/v2\/media?parent=847"}],"curies":[{"name":"wp","href":"https:\/\/api.w.org\/{rel}","templated":true}]}}